{"id":245467,"date":"2023-10-01T19:25:05","date_gmt":"2023-10-01T18:25:05","guid":{"rendered":"https:\/\/helenatomas.pt\/?page_id=245467"},"modified":"2025-10-13T17:52:37","modified_gmt":"2025-10-13T16:52:37","slug":"sessoes-natal-2025","status":"publish","type":"page","link":"https:\/\/helenatomas.pt\/pt-pt\/sessoes-natal-2025\/","title":{"rendered":"Mini Sess\u00f5es Natal"},"content":{"rendered":"\t\t<div data-elementor-type=\"wp-post\" data-elementor-id=\"245467\" class=\"elementor elementor-245467 elementor-245466\" data-elementor-post-type=\"page\">\n\t\t\t\t<div class=\"elementor-element elementor-element-c555e4b e-con-full e-flex e-con e-parent\" data-id=\"c555e4b\" data-element_type=\"container\" data-e-type=\"container\" data-settings=\"{&quot;background_background&quot;:&quot;classic&quot;}\">\n\t\t\t\t<\/div>\n\t\t<div class=\"elementor-element elementor-element-94e87fb e-flex e-con-boxed e-con e-parent\" data-id=\"94e87fb\" data-element_type=\"container\" data-e-type=\"container\">\n\t\t\t\t\t<div class=\"e-con-inner\">\n\t\t\t\t<div class=\"elementor-element elementor-element-809aa05 elementor-widget__width-inherit elementor-widget elementor-widget-heading\" data-id=\"809aa05\" data-element_type=\"widget\" data-e-type=\"widget\" data-widget_type=\"heading.default\">\n\t\t\t\t\t<h1 class=\"elementor-heading-title elementor-size-default\">\/\/ Mini Sess\u00f5es de natal<\/h1>\t\t\t\t<\/div>\n\t\t\t\t<div class=\"elementor-element elementor-element-13556f8 elementor-widget__width-inherit elementor-widget elementor-widget-heading\" data-id=\"13556f8\" data-element_type=\"widget\" data-e-type=\"widget\" data-widget_type=\"heading.default\">\n\t\t\t\t\t<h2 class=\"elementor-heading-title elementor-size-default\">15, 16, 22 e 23 novembro 2025<\/h2>\t\t\t\t<\/div>\n\t\t\t\t\t<\/div>\n\t\t\t\t<\/div>\n\t\t<div class=\"elementor-element elementor-element-0563b8b e-flex e-con-boxed e-con e-parent\" data-id=\"0563b8b\" data-element_type=\"container\" data-e-type=\"container\">\n\t\t\t\t\t<div class=\"e-con-inner\">\n\t\t\t\t<div class=\"elementor-element elementor-element-307e20e animated-slow elementor-widget__width-initial elementor-widget-tablet__width-inherit elementor-widget-mobile__width-inherit elementor-invisible elementor-widget elementor-widget-image\" data-id=\"307e20e\" data-element_type=\"widget\" data-e-type=\"widget\" data-settings=\"{&quot;_animation&quot;:&quot;fadeIn&quot;}\" data-widget_type=\"image.default\">\n\t\t\t\t\t\t\t\t\t\t\t\t\t\t\t<img fetchpriority=\"high\" decoding=\"async\" width=\"2000\" height=\"1500\" src=\"https:\/\/helenatomas.pt\/wp-content\/uploads\/2025\/08\/sessoes-natal-6.jpg\" class=\"attachment-full size-full wp-image-251794\" alt=\"Sessoes Natal 6\" srcset=\"https:\/\/helenatomas.pt\/wp-content\/uploads\/2025\/08\/sessoes-natal-6.jpg 2000w, https:\/\/helenatomas.pt\/wp-content\/uploads\/2025\/08\/sessoes-natal-6-800x600.jpg 800w, https:\/\/helenatomas.pt\/wp-content\/uploads\/2025\/08\/sessoes-natal-6-1600x1200.jpg 1600w, https:\/\/helenatomas.pt\/wp-content\/uploads\/2025\/08\/sessoes-natal-6-768x576.jpg 768w, https:\/\/helenatomas.pt\/wp-content\/uploads\/2025\/08\/sessoes-natal-6-1536x1152.jpg 1536w\" sizes=\"(max-width: 2000px) 100vw, 2000px\" loading=\"eager\" title=\"\">\t\t\t\t\t\t\t\t\t\t\t\t\t\t\t<\/div>\n\t\t<div class=\"elementor-element elementor-element-af7eed3 e-flex e-con-boxed e-con e-child\" data-id=\"af7eed3\" data-element_type=\"container\" data-e-type=\"container\">\n\t\t\t\t\t<div class=\"e-con-inner\">\n\t\t\t\t<div class=\"elementor-element elementor-element-b167e05 elementor-widget__width-initial elementor-widget-tablet__width-inherit elementor-widget-mobile__width-inherit elementor-widget elementor-widget-text-editor\" data-id=\"b167e05\" data-element_type=\"widget\" data-e-type=\"widget\" data-widget_type=\"text-editor.default\">\n\t\t\t\t\t\t\t\t\t<h4><strong>Entr\u00e1mos no \u00faltimo trimestre do ano e, num abrir e fechar de olhos, o Natal chegar\u00e1. <\/strong>Por isso, este ano decidi abrir as vagas para as Mini Sess\u00f5es de Natal mais cedo. Quero ter a certeza que ningu\u00e9m fica de fora!<\/h4>\n<p>&nbsp;<\/p>\n<h4><\/h4>\n<p>&nbsp;<\/p>\n<h4><b>J\u00e1 sabem que est\u00e3o convidados a juntar-se a mim, para mais um ano de mem\u00f3rias, com muita boa disposi\u00e7\u00e3o e brincadeira.<\/b><\/h4>\n<p><\/p>\n<div><\/div>\n<p><\/p>\n<h3><strong>PREPARADOS PARA MAIS UM NATAL DE SORRISOS?<\/strong><\/h3>\n\t\t\t\t\t\t\t\t<\/div>\n\t\t\t\t\t<\/div>\n\t\t\t\t<\/div>\n\t\t\t\t\t<\/div>\n\t\t\t\t<\/div>\n\t\t<div class=\"elementor-element elementor-element-e662d23 e-flex e-con-boxed e-con e-parent\" data-id=\"e662d23\" data-element_type=\"container\" data-e-type=\"container\">\n\t\t\t\t\t<div class=\"e-con-inner\">\n\t\t<div class=\"elementor-element elementor-element-a04ce4f e-con-full e-flex e-con e-child\" data-id=\"a04ce4f\" data-element_type=\"container\" data-e-type=\"container\">\n\t\t\t\t<div class=\"elementor-element elementor-element-24f720c elementor-widget elementor-widget-text-editor\" data-id=\"24f720c\" data-element_type=\"widget\" data-e-type=\"widget\" data-widget_type=\"text-editor.default\">\n\t\t\t\t\t\t\t\t\t<h2>\/\/\u00a0<strong>CONDI\u00c7\u00d5ES<\/strong><\/h2>\n<p><\/p>\n<ul>\n<li>\n<h4>Sess\u00f5es de 30 minutos<\/h4>\n<\/li>\n<li>\n<h4>entrega de 20 fotografias em formato digital de alta resolu\u00e7\u00e3o<\/h4>\n<\/li>\n<li>\n<h4>3 impress\u00f5es em formato 15&#215;20 (enviadas por CTT)<\/h4>\n<\/li>\n<li>\n<h4>investimento: 80\u20ac<\/h4>\n<\/li>\n<\/ul>\n<p><\/p>\n<h2><\/h2>\n<p><\/p>\n<h2>\/\/\u00a0<strong>ONDE?<\/strong><\/h2>\n<p><\/p>\n<h4>As Mini Sess\u00f5es v\u00e3o realizar-se no mesmo local do ano passado, em Set\u00fabal, mas depois deixo a morada no\u00a0 grupo de WhatsApp.<\/h4>\n\t\t\t\t\t\t\t\t<\/div>\n\t\t\t\t<\/div>\n\t\t<div class=\"elementor-element elementor-element-2b283b5 e-con-full e-flex e-con e-child\" data-id=\"2b283b5\" data-element_type=\"container\" data-e-type=\"container\">\n\t\t\t\t<div class=\"elementor-element elementor-element-7d644ce elementor-widget elementor-widget-image\" data-id=\"7d644ce\" data-element_type=\"widget\" data-e-type=\"widget\" data-widget_type=\"image.default\">\n\t\t\t\t\t\t\t\t\t\t\t\t\t\t\t<img decoding=\"async\" width=\"2000\" height=\"1500\" src=\"https:\/\/helenatomas.pt\/wp-content\/uploads\/2025\/08\/sessoes-natal-4.jpg\" class=\"attachment-full size-full wp-image-251790\" alt=\"Sessoes Natal 4\" srcset=\"https:\/\/helenatomas.pt\/wp-content\/uploads\/2025\/08\/sessoes-natal-4.jpg 2000w, https:\/\/helenatomas.pt\/wp-content\/uploads\/2025\/08\/sessoes-natal-4-800x600.jpg 800w, https:\/\/helenatomas.pt\/wp-content\/uploads\/2025\/08\/sessoes-natal-4-1600x1200.jpg 1600w, https:\/\/helenatomas.pt\/wp-content\/uploads\/2025\/08\/sessoes-natal-4-768x576.jpg 768w, https:\/\/helenatomas.pt\/wp-content\/uploads\/2025\/08\/sessoes-natal-4-1536x1152.jpg 1536w\" sizes=\"(max-width: 2000px) 100vw, 2000px\" loading=\"eager\" title=\"\">\t\t\t\t\t\t\t\t\t\t\t\t\t\t\t<\/div>\n\t\t\t\t<\/div>\n\t\t\t\t\t<\/div>\n\t\t\t\t<\/div>\n\t\t<div class=\"elementor-element elementor-element-9af9308 e-flex e-con-boxed e-con e-parent\" data-id=\"9af9308\" data-element_type=\"container\" data-e-type=\"container\">\n\t\t\t\t\t<div class=\"e-con-inner\">\n\t\t\t\t<div class=\"elementor-element elementor-element-1be30e6 elementor-widget__width-initial elementor-widget-tablet__width-initial elementor--h-position-center elementor--v-position-middle elementor-arrows-position-inside elementor-pagination-position-inside elementor-widget elementor-widget-slides\" data-id=\"1be30e6\" data-element_type=\"widget\" data-e-type=\"widget\" data-settings=\"{&quot;navigation&quot;:&quot;both&quot;,&quot;autoplay&quot;:&quot;yes&quot;,&quot;pause_on_hover&quot;:&quot;yes&quot;,&quot;pause_on_interaction&quot;:&quot;yes&quot;,&quot;autoplay_speed&quot;:5000,&quot;infinite&quot;:&quot;yes&quot;,&quot;transition&quot;:&quot;slide&quot;,&quot;transition_speed&quot;:500}\" data-widget_type=\"slides.default\">\n\t\t\t\t\t\t\t\t\t\t<div class=\"elementor-slides-wrapper elementor-main-swiper swiper\" role=\"region\" aria-roledescription=\"carousel\" aria-label=\"Slides\" dir=\"ltr\" data-animation=\"fadeInUp\">\n\t\t\t\t<div class=\"swiper-wrapper elementor-slides\">\n\t\t\t\t\t\t\t\t\t\t<div class=\"elementor-repeater-item-c528813 swiper-slide\" role=\"group\" aria-roledescription=\"slide\"><div class=\"swiper-slide-bg\" role=\"img\" aria-label=\"Folio Sessoes Natal 3\"><\/div><div class=\"swiper-slide-inner\" ><div class=\"swiper-slide-contents\"><\/div><\/div><\/div><div class=\"elementor-repeater-item-a747a37 swiper-slide\" role=\"group\" aria-roledescription=\"slide\"><div class=\"swiper-slide-bg\" role=\"img\" aria-label=\"Folio Sessoes Natal\"><\/div><div class=\"swiper-slide-inner\" ><div class=\"swiper-slide-contents\"><\/div><\/div><\/div><div class=\"elementor-repeater-item-004592c swiper-slide\" role=\"group\" aria-roledescription=\"slide\"><div class=\"swiper-slide-bg\" role=\"img\" aria-label=\"Folio Sessoes Natal 2\"><\/div><div class=\"swiper-slide-inner\" ><div class=\"swiper-slide-contents\"><\/div><\/div><\/div>\t\t\t\t<\/div>\n\t\t\t\t\t\t\t\t\t\t\t\t\t\t\t<div class=\"elementor-swiper-button elementor-swiper-button-prev\" role=\"button\" tabindex=\"0\" aria-label=\"Previous slide\">\n\t\t\t\t\t\t\t<svg aria-hidden=\"true\" class=\"e-font-icon-svg e-eicon-chevron-left\" viewBox=\"0 0 1000 1000\" xmlns=\"http:\/\/www.w3.org\/2000\/svg\"><path d=\"M646 125C629 125 613 133 604 142L308 442C296 454 292 471 292 487 292 504 296 521 308 533L604 854C617 867 629 875 646 875 663 875 679 871 692 858 704 846 713 829 713 812 713 796 708 779 692 767L438 487 692 225C700 217 708 204 708 187 708 171 704 154 692 142 675 129 663 125 646 125Z\"><\/path><\/svg>\t\t\t\t\t\t<\/div>\n\t\t\t\t\t\t<div class=\"elementor-swiper-button elementor-swiper-button-next\" role=\"button\" tabindex=\"0\" aria-label=\"Next slide\">\n\t\t\t\t\t\t\t<svg aria-hidden=\"true\" class=\"e-font-icon-svg e-eicon-chevron-right\" viewBox=\"0 0 1000 1000\" xmlns=\"http:\/\/www.w3.org\/2000\/svg\"><path d=\"M696 533C708 521 713 504 713 487 713 471 708 454 696 446L400 146C388 133 375 125 354 125 338 125 325 129 313 142 300 154 292 171 292 187 292 204 296 221 308 233L563 492 304 771C292 783 288 800 288 817 288 833 296 850 308 863 321 871 338 875 354 875 371 875 388 867 400 854L696 533Z\"><\/path><\/svg>\t\t\t\t\t\t<\/div>\n\t\t\t\t\t\t\t\t\t\t\t\t\t\t\t\t<div class=\"swiper-pagination\"><\/div>\n\t\t\t\t\t\t\t\t\t\t\t\t<\/div>\n\t\t\t\t\t\t\t\t<\/div>\n\t\t<div class=\"elementor-element elementor-element-653bebc e-flex e-con-boxed e-con e-child\" data-id=\"653bebc\" data-element_type=\"container\" data-e-type=\"container\">\n\t\t\t\t\t<div class=\"e-con-inner\">\n\t\t\t\t<div class=\"elementor-element elementor-element-ee58932 elementor-widget__width-initial elementor-widget-tablet__width-inherit elementor-widget-mobile__width-inherit elementor-widget elementor-widget-text-editor\" data-id=\"ee58932\" data-element_type=\"widget\" data-e-type=\"widget\" data-widget_type=\"text-editor.default\">\n\t\t\t\t\t\t\t\t\t<h2><strong>\/\/\u00a0<\/strong><strong>NOVIDADE DESTE ANO<\/strong><\/h2>\n<p><\/p>\n<h4>Al\u00e9m das fotografias digitais e impressas a vulso, <strong>vou ter \u00e0 vossa escolha f\u00f3lios de fotografias<\/strong>, que ser\u00e3o uma bela prenda para dar aos av\u00f3s, ou para ter exposto l\u00e1 em casa.<\/h4>\n<p><\/p>\n<h4><\/h4>\n<p><\/p>\n<h2><strong>\/\/\u00a0<\/strong><strong>O QUE S\u00c3O OS F\u00d3LIOS?<\/strong><\/h2>\n<p><\/p>\n<h4>Os f\u00f3lios s\u00e3o conjuntos de fotografias, 2 ou 3, emolduradas em forma de livro, com estrutura r\u00edgida e revestimento em tecido, com diferentes cores dispon\u00edveis.<\/h4>\n<p><\/p>\n<h4>Os f\u00f3lios de <strong>2 fotografias custam 30\u20ac<\/strong><\/h4>\n<p><\/p>\n<h4>Os f\u00f3lios de <strong>3 fotografias custam 40\u20ac<\/strong><\/h4>\n\t\t\t\t\t\t\t\t<\/div>\n\t\t\t\t\t<\/div>\n\t\t\t\t<\/div>\n\t\t\t\t\t<\/div>\n\t\t\t\t<\/div>\n\t\t<div class=\"elementor-element elementor-element-46ad5ca e-flex e-con-boxed e-con e-parent\" data-id=\"46ad5ca\" data-element_type=\"container\" data-e-type=\"container\">\n\t\t\t\t\t<div class=\"e-con-inner\">\n\t\t<div class=\"elementor-element elementor-element-8b07712 e-flex e-con-boxed e-con e-child\" data-id=\"8b07712\" data-element_type=\"container\" data-e-type=\"container\">\n\t\t\t\t\t<div class=\"e-con-inner\">\n\t\t\t\t<div class=\"elementor-element elementor-element-a78c64d elementor-widget__width-initial elementor-widget-tablet__width-inherit elementor-widget-mobile__width-inherit elementor-widget elementor-widget-text-editor\" data-id=\"a78c64d\" data-element_type=\"widget\" data-e-type=\"widget\" data-widget_type=\"text-editor.default\">\n\t\t\t\t\t\t\t\t\t<h2><strong>\/\/\u00a0<\/strong><strong>E O CEN\u00c1RIO?<\/strong><\/h2>\n<p><\/p>\n<h4><strong>Este ano, vamos entrar no Quarto do Natal, numa vertente muito org\u00e2nica e acolhedora.\u00a0 Ser\u00e1 um espa\u00e7o harmonioso com tons neutros e at\u00e9 vai ter uma cama, para os pequenotes saltarem e fazerem luta de almofadas.\u00a0<\/strong><\/h4>\n<p><\/p>\n<h4><strong>Como em casa n\u00e3o andamos de sapatos, volto a pedir que tragam meias (podem n\u00e3o ser coloridas, se n\u00e3o quiserem), porque quero que usufruam em pleno do espa\u00e7o!\u00a0<\/strong><\/h4>\n<p><\/p>\n<div>\n<h4 style=\"color: #2f2f2f;\">Em breve, enviarei fotografias para o grupo de Whatsapp, para poderem escolher o que melhor se adapta em termos do vosso vestu\u00e1rio!<\/h4>\n<\/div>\n<p><\/p>\n<h2><\/h2>\n<p><\/p>\n<h2><strong>\/\/\u00a0<\/strong><strong>O QUE VESTIR?<\/strong><\/h2>\n<p><\/p>\n<h4>Tendo em conta que o cen\u00e1rio vai ser em tons neutros, podem optar pelos tons fortes do Natal ou por cores mais suaves.<\/h4>\n<p><\/p>\n<h4><\/h4>\n<p><\/p>\n<div>\n<h4 style=\"color: #2f2f2f;\"><\/h4>\n<\/div>\n\t\t\t\t\t\t\t\t<\/div>\n\t\t\t\t\t<\/div>\n\t\t\t\t<\/div>\n\t\t\t\t<div class=\"elementor-element elementor-element-8f67514 animated-slow elementor-widget__width-initial elementor-widget-tablet__width-inherit elementor-widget-mobile__width-inherit elementor-invisible elementor-widget elementor-widget-image\" data-id=\"8f67514\" data-element_type=\"widget\" data-e-type=\"widget\" data-settings=\"{&quot;_animation&quot;:&quot;fadeIn&quot;}\" data-widget_type=\"image.default\">\n\t\t\t\t\t\t\t\t\t\t\t\t\t\t\t<img decoding=\"async\" width=\"2000\" height=\"1500\" src=\"https:\/\/helenatomas.pt\/wp-content\/uploads\/2025\/08\/sessoes-natal-2.jpg\" class=\"attachment-full size-full wp-image-251786\" alt=\"Sessoes Natal 2\" srcset=\"https:\/\/helenatomas.pt\/wp-content\/uploads\/2025\/08\/sessoes-natal-2.jpg 2000w, https:\/\/helenatomas.pt\/wp-content\/uploads\/2025\/08\/sessoes-natal-2-800x600.jpg 800w, https:\/\/helenatomas.pt\/wp-content\/uploads\/2025\/08\/sessoes-natal-2-1600x1200.jpg 1600w, https:\/\/helenatomas.pt\/wp-content\/uploads\/2025\/08\/sessoes-natal-2-768x576.jpg 768w, https:\/\/helenatomas.pt\/wp-content\/uploads\/2025\/08\/sessoes-natal-2-1536x1152.jpg 1536w\" sizes=\"(max-width: 2000px) 100vw, 2000px\" loading=\"eager\" title=\"\">\t\t\t\t\t\t\t\t\t\t\t\t\t\t\t<\/div>\n\t\t\t\t\t<\/div>\n\t\t\t\t<\/div>\n\t\t<div class=\"elementor-element elementor-element-f22c1f0 e-flex e-con-boxed e-con e-parent\" data-id=\"f22c1f0\" data-element_type=\"container\" data-e-type=\"container\">\n\t\t\t\t\t<div class=\"e-con-inner\">\n\t\t\t\t<div class=\"elementor-element elementor-element-5ff42a0 animated-slow elementor-widget__width-inherit elementor-widget-tablet__width-inherit elementor-widget-mobile__width-inherit elementor-invisible elementor-widget elementor-widget-text-editor\" data-id=\"5ff42a0\" data-element_type=\"widget\" data-e-type=\"widget\" data-settings=\"{&quot;_animation&quot;:&quot;fadeInLeft&quot;}\" data-widget_type=\"text-editor.default\">\n\t\t\t\t\t\t\t\t\t<h2><em>&gt;\u00a0<strong>COMO MARCAR?<\/strong>\u00a0&lt;<\/em><\/h2>\n<p><\/p>\n<h4><strong>Marca\u00e7\u00f5es para\u00a0 click@helenatomas.pt \/ 914227525<\/strong><\/h4>\n<p><\/p>\n<h4>As Mini Sess\u00f5es v\u00e3o decorrer apenas nos dias 15, 16, 22 e 23 de\u00a0 novembro.<\/h4>\n<p><\/p>\n<h4><strong>(ler notas importantes abaixo)<\/strong><\/h4>\n\t\t\t\t\t\t\t\t<\/div>\n\t\t\t\t\t<\/div>\n\t\t\t\t<\/div>\n\t\t<div class=\"elementor-element elementor-element-914ad46 e-con-full e-flex e-con e-parent\" data-id=\"914ad46\" data-element_type=\"container\" data-e-type=\"container\" data-settings=\"{&quot;background_background&quot;:&quot;classic&quot;}\">\n\t\t<div class=\"elementor-element elementor-element-83f1aea e-flex e-con-boxed e-con e-child\" data-id=\"83f1aea\" data-element_type=\"container\" data-e-type=\"container\" data-settings=\"{&quot;background_background&quot;:&quot;classic&quot;}\">\n\t\t\t\t\t<div class=\"e-con-inner\">\n\t\t\t\t<div class=\"elementor-element elementor-element-f296e3c animated-slow elementor-invisible elementor-widget elementor-widget-text-editor\" data-id=\"f296e3c\" data-element_type=\"widget\" data-e-type=\"widget\" data-settings=\"{&quot;_animation&quot;:&quot;fadeInUp&quot;}\" data-widget_type=\"text-editor.default\">\n\t\t\t\t\t\t\t\t\t<h2>NOTAS<\/h2><h5>As sess\u00f5es dever\u00e3o\u00a0<strong>ser pagas na totalidade no momento da marca\u00e7\u00e3o e dever\u00e3o aguardar pelo envio dos dados para pagamento!\u00a0<\/strong><\/h5><h5>&#8211;<\/h5><h5><strong>Ap\u00f3s <a href=\"https:\/\/helenatomas.pt\/pt-pt\/contacto\/\">marca\u00e7\u00e3o<\/a> da hora, qualquer altera\u00e7\u00e3o ser\u00e1 feita de acordo com a disponibilidade<\/strong>.<\/h5><h5>&#8211;<\/h5><h5>Em caso de cancelamento at\u00e9 3 dias antes, 50% do valor ser\u00e1 devolvido.\u00a0<strong>Cancelamentos no pr\u00f3prio dia n\u00e3o t\u00eam lugar a devolu\u00e7\u00e3o<\/strong>, por ser imposs\u00edvel conseguir preencher a vaga.<\/h5><h5>&#8211;<\/h5><h5>Na altura da marca\u00e7\u00e3o, agrade\u00e7o que sejam facultadas as idades das crian\u00e7as, para poder ter dispon\u00edvel adere\u00e7os indicados para os rec\u00e9m- nascidos!<\/h5><h5>&#8211;<\/h5><h5>Ser\u00e1 necess\u00e1rio chegar ao local aproximadamente\u00a0<strong>15 minutos antes da hora da marca\u00e7\u00e3o<\/strong>, para evitar atrasos.<\/h5><h5>&#8211;<\/h5><h5><strong>As fotografias digitais ser\u00e3o entregues no prazo m\u00e1ximo de 7 dias.<\/strong>\u00a0Nos dias seguintes, dever\u00e3o ser comunicadas os n\u00fameros das fotografias para impress\u00e3o.<\/h5>\t\t\t\t\t\t\t\t<\/div>\n\t\t\t\t\t<\/div>\n\t\t\t\t<\/div>\n\t\t\t\t<\/div>\n\t\t<div class=\"elementor-element elementor-element-363ed8c e-con-full e-flex e-con e-parent\" data-id=\"363ed8c\" data-element_type=\"container\" data-e-type=\"container\">\n\t\t<div class=\"elementor-element elementor-element-1c94853 e-con-full e-flex e-con e-child\" data-id=\"1c94853\" data-element_type=\"container\" data-e-type=\"container\">\n\t\t\t\t<div class=\"elementor-element elementor-element-573e98f elementor-widget elementor-widget-image\" data-id=\"573e98f\" data-element_type=\"widget\" data-e-type=\"widget\" data-widget_type=\"image.default\">\n\t\t\t\t\t\t\t\t\t\t\t\t\t\t\t<img decoding=\"async\" width=\"1500\" height=\"2250\" src=\"https:\/\/helenatomas.pt\/wp-content\/uploads\/2024\/10\/sessao-natal.jpg\" class=\"attachment-full size-full wp-image-248945\" alt=\"sess\u00e3o natal\" srcset=\"https:\/\/helenatomas.pt\/wp-content\/uploads\/2024\/10\/sessao-natal.jpg 1500w, https:\/\/helenatomas.pt\/wp-content\/uploads\/2024\/10\/sessao-natal-533x800.jpg 533w, https:\/\/helenatomas.pt\/wp-content\/uploads\/2024\/10\/sessao-natal-1067x1600.jpg 1067w, https:\/\/helenatomas.pt\/wp-content\/uploads\/2024\/10\/sessao-natal-768x1152.jpg 768w, https:\/\/helenatomas.pt\/wp-content\/uploads\/2024\/10\/sessao-natal-1024x1536.jpg 1024w, https:\/\/helenatomas.pt\/wp-content\/uploads\/2024\/10\/sessao-natal-1365x2048.jpg 1365w\" sizes=\"(max-width: 1500px) 100vw, 1500px\" loading=\"eager\" title=\"\">\t\t\t\t\t\t\t\t\t\t\t\t\t\t\t<\/div>\n\t\t\t\t<\/div>\n\t\t<div class=\"elementor-element elementor-element-8ea4e78 e-con-full e-flex e-con e-child\" data-id=\"8ea4e78\" data-element_type=\"container\" data-e-type=\"container\">\n\t\t\t\t<div class=\"elementor-element elementor-element-7659275 elementor-widget__width-initial elementor-widget-tablet__width-initial elementor-widget-mobile__width-initial elementor-widget elementor-widget-image\" data-id=\"7659275\" data-element_type=\"widget\" data-e-type=\"widget\" data-widget_type=\"image.default\">\n\t\t\t\t\t\t\t\t\t\t\t\t\t\t\t<img decoding=\"async\" width=\"1365\" height=\"2048\" src=\"https:\/\/helenatomas.pt\/wp-content\/uploads\/2023\/09\/sessao-natal-23_2048px.jpg\" class=\"attachment-full size-full wp-image-251805\" alt=\"mini sess\u00f5es natal\" srcset=\"https:\/\/helenatomas.pt\/wp-content\/uploads\/2023\/09\/sessao-natal-23_2048px.jpg 1365w, https:\/\/helenatomas.pt\/wp-content\/uploads\/2023\/09\/sessao-natal-23_2048px-533x800.jpg 533w, https:\/\/helenatomas.pt\/wp-content\/uploads\/2023\/09\/sessao-natal-23_2048px-1066x1600.jpg 1066w, https:\/\/helenatomas.pt\/wp-content\/uploads\/2023\/09\/sessao-natal-23_2048px-768x1152.jpg 768w, https:\/\/helenatomas.pt\/wp-content\/uploads\/2023\/09\/sessao-natal-23_2048px-1024x1536.jpg 1024w\" sizes=\"(max-width: 1365px) 100vw, 1365px\" loading=\"eager\" title=\"\">\t\t\t\t\t\t\t\t\t\t\t\t\t\t\t<\/div>\n\t\t\t\t<\/div>\n\t\t<div class=\"elementor-element elementor-element-ad695ea e-con-full e-flex e-con e-child\" data-id=\"ad695ea\" data-element_type=\"container\" data-e-type=\"container\">\n\t\t\t\t<div class=\"elementor-element elementor-element-837238b elementor-widget-tablet__width-initial elementor-widget-mobile__width-initial elementor-widget elementor-widget-image\" data-id=\"837238b\" data-element_type=\"widget\" data-e-type=\"widget\" data-widget_type=\"image.default\">\n\t\t\t\t\t\t\t\t\t\t\t\t\t\t\t<img decoding=\"async\" width=\"1365\" height=\"2048\" src=\"https:\/\/helenatomas.pt\/wp-content\/uploads\/2023\/09\/sessao-natal-26_2048px.jpg\" class=\"attachment-full size-full wp-image-251800\" alt=\"mini sess\u00f5es natal\" srcset=\"https:\/\/helenatomas.pt\/wp-content\/uploads\/2023\/09\/sessao-natal-26_2048px.jpg 1365w, https:\/\/helenatomas.pt\/wp-content\/uploads\/2023\/09\/sessao-natal-26_2048px-533x800.jpg 533w, https:\/\/helenatomas.pt\/wp-content\/uploads\/2023\/09\/sessao-natal-26_2048px-1066x1600.jpg 1066w, https:\/\/helenatomas.pt\/wp-content\/uploads\/2023\/09\/sessao-natal-26_2048px-768x1152.jpg 768w, https:\/\/helenatomas.pt\/wp-content\/uploads\/2023\/09\/sessao-natal-26_2048px-1024x1536.jpg 1024w\" sizes=\"(max-width: 1365px) 100vw, 1365px\" loading=\"eager\" title=\"\">\t\t\t\t\t\t\t\t\t\t\t\t\t\t\t<\/div>\n\t\t\t\t<\/div>\n\t\t\t\t<\/div>\n\t\t<div class=\"elementor-element elementor-element-6195f63 elementor-hidden-desktop elementor-hidden-tablet elementor-hidden-mobile e-flex e-con-boxed e-con e-parent\" data-id=\"6195f63\" data-element_type=\"container\" data-e-type=\"container\">\n\t\t\t\t\t<div class=\"e-con-inner\">\n\t\t\t\t<div class=\"elementor-element elementor-element-a0213ac elementor-widget elementor-widget-shortcode\" data-id=\"a0213ac\" data-element_type=\"widget\" data-e-type=\"widget\" data-widget_type=\"shortcode.default\">\n\t\t\t\t\t\t\t<div class=\"elementor-shortcode\"><\/div>\n\t\t\t\t\t\t<\/div>\n\t\t\t\t\t<\/div>\n\t\t\t\t<\/div>\n\t\t\t\t<\/div>\n\t\t","protected":false},"excerpt":{"rendered":"<p>\/\/ Mini Sess\u00f5es de natal 15, 16, 22 e 23 novembro 2025 Entr\u00e1mos no \u00faltimo trimestre do ano e, num abrir e fechar de olhos, o Natal chegar\u00e1. Por isso, este ano decidi abrir as vagas para as Mini Sess\u00f5es de Natal mais cedo. Quero ter a certeza que ningu\u00e9m fica de fora! &nbsp; &nbsp; [&hellip;]<\/p>\n","protected":false},"author":4,"featured_media":251792,"parent":0,"menu_order":4,"comment_status":"closed","ping_status":"closed","template":"","meta":{"iawp_total_views":12,"footnotes":""},"class_list":["post-245467","page","type-page","status-publish","has-post-thumbnail","hentry"],"_links":{"self":[{"href":"https:\/\/helenatomas.pt\/pt-pt\/wp-json\/wp\/v2\/pages\/245467","targetHints":{"allow":["GET"]}}],"collection":[{"href":"https:\/\/helenatomas.pt\/pt-pt\/wp-json\/wp\/v2\/pages"}],"about":[{"href":"https:\/\/helenatomas.pt\/pt-pt\/wp-json\/wp\/v2\/types\/page"}],"author":[{"embeddable":true,"href":"https:\/\/helenatomas.pt\/pt-pt\/wp-json\/wp\/v2\/users\/4"}],"replies":[{"embeddable":true,"href":"https:\/\/helenatomas.pt\/pt-pt\/wp-json\/wp\/v2\/comments?post=245467"}],"version-history":[{"count":0,"href":"https:\/\/helenatomas.pt\/pt-pt\/wp-json\/wp\/v2\/pages\/245467\/revisions"}],"wp:featuredmedia":[{"embeddable":true,"href":"https:\/\/helenatomas.pt\/pt-pt\/wp-json\/wp\/v2\/media\/251792"}],"wp:attachment":[{"href":"https:\/\/helenatomas.pt\/pt-pt\/wp-json\/wp\/v2\/media?parent=245467"}],"curies":[{"name":"wp","href":"https:\/\/api.w.org\/{rel}","templated":true}]}}