{"id":88484,"date":"2018-10-04T00:06:33","date_gmt":"2018-10-04T00:06:33","guid":{"rendered":"https:\/\/helenatomas.pt\/?page_id=88484"},"modified":"2025-12-18T22:20:49","modified_gmt":"2025-12-18T22:20:49","slug":"contacto","status":"publish","type":"page","link":"https:\/\/helenatomas.pt\/pt-pt\/contacto\/","title":{"rendered":"Contacto"},"content":{"rendered":"\t\t<div data-elementor-type=\"wp-post\" data-elementor-id=\"88484\" class=\"elementor elementor-88484 elementor-88483\" data-elementor-post-type=\"page\">\n\t\t\t\t<div class=\"elementor-element elementor-element-595981a e-con-full e-flex e-con e-parent\" data-id=\"595981a\" data-element_type=\"container\" data-e-type=\"container\" data-settings=\"{&quot;background_background&quot;:&quot;classic&quot;}\">\n\t\t\t\t<div class=\"elementor-element elementor-element-c041d38 elementor-widget elementor-widget-heading\" data-id=\"c041d38\" data-element_type=\"widget\" data-e-type=\"widget\" data-widget_type=\"heading.default\">\n\t\t\t\t\t<h1 class=\"elementor-heading-title elementor-size-default\">QUE BOM TER-VOS AQUI!<\/h1>\t\t\t\t<\/div>\n\t\t\t\t<\/div>\n\t\t<div class=\"elementor-element elementor-element-4544b94 e-flex e-con-boxed e-con e-parent\" data-id=\"4544b94\" data-element_type=\"container\" data-e-type=\"container\">\n\t\t\t\t\t<div class=\"e-con-inner\">\n\t\t<div class=\"elementor-element elementor-element-bccc762 e-con-full e-flex e-con e-child\" data-id=\"bccc762\" data-element_type=\"container\" data-e-type=\"container\">\n\t\t\t\t<div class=\"elementor-element elementor-element-6b550f2 elementor-widget elementor-widget-text-editor\" data-id=\"6b550f2\" data-element_type=\"widget\" data-e-type=\"widget\" data-widget_type=\"text-editor.default\">\n\t\t\t\t\t\t\t\t\t<h3 style=\"text-align: left;\"><strong>As vossas <a href=\"https:\/\/helenatomas.pt\/v2\/pt-pt\/portfolio-fotografia\/fotografia-casamento\/\">fotografias de sonho<\/a> est\u00e3o \u00e0 espera de acontecer e estou muito feliz por terem decidido entrar em contacto!<\/strong><\/h3>\n<p><strong>Est\u00e3o a pensar se esta \u00e9 a altura certa?<\/strong><\/p>\n<p>Claro que \u00e9! Mesmo que ainda n\u00e3o tenham planos, falem-me do que vos inspira e de como imaginam este dia.<\/p>\n<p><strong>Preencham o formul\u00e1rio e enviem!<\/strong><\/p>\n<p>Garanto que ter\u00e3o uma resposta nas pr\u00f3ximas 48 horas.<\/p>\n\t\t\t\t\t\t\t\t<\/div>\n\t\t\t\t<\/div>\n\t\t\t\t<div class=\"elementor-element elementor-element-1ee7837 elementor-button-align-center elementor-widget__width-initial elementor-widget-mobile__width-inherit elementor-widget elementor-widget-form\" data-id=\"1ee7837\" data-element_type=\"widget\" data-e-type=\"widget\" data-settings=\"{&quot;step_next_label&quot;:&quot;Seguinte&quot;,&quot;step_previous_label&quot;:&quot;Anterior&quot;,&quot;button_width&quot;:&quot;100&quot;,&quot;step_type&quot;:&quot;number_text&quot;,&quot;step_icon_shape&quot;:&quot;circle&quot;}\" data-widget_type=\"form.default\">\n\t\t\t\t\t\t\t<form class=\"elementor-form\" method=\"post\" name=\"contact_btn\" aria-label=\"contact_btn\">\n\t\t\t<input type=\"hidden\" name=\"post_id\" value=\"88484\"\/>\n\t\t\t<input type=\"hidden\" name=\"form_id\" value=\"1ee7837\"\/>\n\t\t\t<input type=\"hidden\" name=\"referer_title\" value=\"\" \/>\n\n\t\t\t\n\t\t\t<div class=\"elementor-form-fields-wrapper elementor-labels-above\">\n\t\t\t\t\t\t\t\t<div class=\"elementor-field-type-text\">\n\t\t\t\t\t<input size=\"1\" type=\"text\" name=\"form_fields[name]\" id=\"form-field-name\" class=\"elementor-field elementor-size-lg \" style=\"display:none !important;\">\t\t\t\t<\/div>\n\t\t\t\t\t\t\t\t<div class=\"elementor-field-type-text elementor-field-group elementor-column elementor-field-group-field_58ac816 elementor-col-100 elementor-field-required elementor-mark-required\">\n\t\t\t\t\t\t\t\t\t\t\t\t<label for=\"form-field-field_58ac816\" class=\"elementor-field-label\">\n\t\t\t\t\t\t\t\tNome\t\t\t\t\t\t\t<\/label>\n\t\t\t\t\t\t\t\t\t\t\t\t\t\t<input size=\"1\" type=\"text\" name=\"form_fields[field_58ac816]\" id=\"form-field-field_58ac816\" class=\"elementor-field elementor-size-lg  elementor-field-textual\" placeholder=\"nome\" required=\"required\">\n\t\t\t\t\t\t\t\t\t\t\t<\/div>\n\t\t\t\t\t\t\t\t<div class=\"elementor-field-type-email elementor-field-group elementor-column elementor-field-group-email elementor-col-100 elementor-field-required elementor-mark-required\">\n\t\t\t\t\t\t\t\t\t\t\t\t<label for=\"form-field-email\" class=\"elementor-field-label\">\n\t\t\t\t\t\t\t\tEmail\t\t\t\t\t\t\t<\/label>\n\t\t\t\t\t\t\t\t\t\t\t\t\t\t<input size=\"1\" type=\"email\" name=\"form_fields[email]\" id=\"form-field-email\" class=\"elementor-field elementor-size-lg  elementor-field-textual\" placeholder=\"campo de email obrigat\u00f3rio\" required=\"required\">\n\t\t\t\t\t\t\t\t\t\t\t<\/div>\n\t\t\t\t\t\t\t\t<div class=\"elementor-field-type-text elementor-field-group elementor-column elementor-field-group-field_669ba8e elementor-col-100\">\n\t\t\t\t\t\t\t\t\t\t\t\t<label for=\"form-field-field_669ba8e\" class=\"elementor-field-label\">\n\t\t\t\t\t\t\t\tcontacto telefone\t\t\t\t\t\t\t<\/label>\n\t\t\t\t\t\t\t\t\t\t\t\t\t\t<input size=\"1\" type=\"text\" name=\"form_fields[field_669ba8e]\" id=\"form-field-field_669ba8e\" class=\"elementor-field elementor-size-lg  elementor-field-textual\" placeholder=\"para facilitar a comunica\u00e7\u00e3o\">\n\t\t\t\t\t\t\t\t\t\t\t<\/div>\n\t\t\t\t\t\t\t\t<div class=\"elementor-field-type-date elementor-field-group elementor-column elementor-field-group-message elementor-col-50 elementor-field-required elementor-mark-required\">\n\t\t\t\t\t\t\t\t\t\t\t\t<label for=\"form-field-message\" class=\"elementor-field-label\">\n\t\t\t\t\t\t\t\tDia ...\t\t\t\t\t\t\t<\/label>\n\t\t\t\t\t\t\n\t\t<input type=\"date\" name=\"form_fields[message]\" id=\"form-field-message\" class=\"elementor-field elementor-size-lg  elementor-field-textual elementor-date-field\" placeholder=\"dia exato (se j\u00e1 tiverem escolhido)\" required=\"required\" pattern=\"[0-9]{4}-[0-9]{2}-[0-9]{2}\">\n\t\t\t\t\t\t<\/div>\n\t\t\t\t\t\t\t\t<div class=\"elementor-field-type-text elementor-field-group elementor-column elementor-field-group-479c998 elementor-col-50\">\n\t\t\t\t\t\t\t\t\t\t\t\t<label for=\"form-field-479c998\" class=\"elementor-field-label\">\n\t\t\t\t\t\t\t\t... e local do evento.\t\t\t\t\t\t\t<\/label>\n\t\t\t\t\t\t\t\t\t\t\t\t\t\t<input size=\"1\" type=\"text\" name=\"form_fields[479c998]\" id=\"form-field-479c998\" class=\"elementor-field elementor-size-lg  elementor-field-textual\" placeholder=\"nome do espa\u00e7o \/ localiza\u00e7\u00e3o\">\n\t\t\t\t\t\t\t\t\t\t\t<\/div>\n\t\t\t\t\t\t\t\t<div class=\"elementor-field-type-text elementor-field-group elementor-column elementor-field-group-field_f69bf9b elementor-col-100\">\n\t\t\t\t\t\t\t\t\t\t\t\t<label for=\"form-field-field_f69bf9b\" class=\"elementor-field-label\">\n\t\t\t\t\t\t\t\tEst\u00e3o a trabalhar com uma Wedding Planner?\t\t\t\t\t\t\t<\/label>\n\t\t\t\t\t\t\t\t\t\t\t\t\t\t<input size=\"1\" type=\"text\" name=\"form_fields[field_f69bf9b]\" id=\"form-field-field_f69bf9b\" class=\"elementor-field elementor-size-lg  elementor-field-textual\" placeholder=\"qual o nome da equipa \/ empresa\">\n\t\t\t\t\t\t\t\t\t\t\t<\/div>\n\t\t\t\t\t\t\t\t<div class=\"elementor-field-type-select elementor-field-group elementor-column elementor-field-group-field_b213c12 elementor-col-100\">\n\t\t\t\t\t\t\t\t\t\t\t\t<label for=\"form-field-field_b213c12\" class=\"elementor-field-label\">\n\t\t\t\t\t\t\t\tTipo de cerim\u00f3nia\t\t\t\t\t\t\t<\/label>\n\t\t\t\t\t\t\t\t<div class=\"elementor-field elementor-select-wrapper remove-before \">\n\t\t\t<div class=\"select-caret-down-wrapper\">\n\t\t\t\t<svg aria-hidden=\"true\" class=\"e-font-icon-svg e-eicon-caret-down\" viewBox=\"0 0 571.4 571.4\" xmlns=\"http:\/\/www.w3.org\/2000\/svg\"><path d=\"M571 393Q571 407 561 418L311 668Q300 679 286 679T261 668L11 418Q0 407 0 393T11 368 36 357H536Q550 357 561 368T571 393Z\"><\/path><\/svg>\t\t\t<\/div>\n\t\t\t<select name=\"form_fields[field_b213c12]\" id=\"form-field-field_b213c12\" class=\"elementor-field-textual elementor-size-lg\">\n\t\t\t\t\t\t\t\t\t<option value=\"Civil\">Civil<\/option>\n\t\t\t\t\t\t\t\t\t<option value=\"Religiosa\">Religiosa<\/option>\n\t\t\t\t\t\t\t\t\t<option value=\"Simb\u00f3lica\">Simb\u00f3lica<\/option>\n\t\t\t\t\t\t\t\t\t<option value=\"Sess\u00e3o Fotogr\u00e1fica\">Sess\u00e3o Fotogr\u00e1fica<\/option>\n\t\t\t\t\t\t\t<\/select>\n\t\t<\/div>\n\t\t\t\t\t\t<\/div>\n\t\t\t\t\t\t\t\t<div class=\"elementor-field-type-textarea elementor-field-group elementor-column elementor-field-group-c383ba1 elementor-col-100\">\n\t\t\t\t\t\t\t\t\t\t\t\t<label for=\"form-field-c383ba1\" class=\"elementor-field-label\">\n\t\t\t\t\t\t\t\tMais sobre voc\u00eas\t\t\t\t\t\t\t<\/label>\n\t\t\t\t\t\t<textarea class=\"elementor-field-textual elementor-field  elementor-size-lg\" name=\"form_fields[c383ba1]\" id=\"form-field-c383ba1\" rows=\"4\" placeholder=\"falem-me sobre voc\u00eas e as vossas expectativas para o dia do casamento\"><\/textarea>\t\t\t\t<\/div>\n\t\t\t\t\t\t\t\t<div class=\"elementor-field-type-select elementor-field-group elementor-column elementor-field-group-field_b9d5f72 elementor-col-100\">\n\t\t\t\t\t\t\t\t\t\t\t\t<label for=\"form-field-field_b9d5f72\" class=\"elementor-field-label\">\n\t\t\t\t\t\t\t\tComo me encontraram? \t\t\t\t\t\t\t<\/label>\n\t\t\t\t\t\t\t\t<div class=\"elementor-field elementor-select-wrapper remove-before \">\n\t\t\t<div class=\"select-caret-down-wrapper\">\n\t\t\t\t<svg aria-hidden=\"true\" class=\"e-font-icon-svg e-eicon-caret-down\" viewBox=\"0 0 571.4 571.4\" xmlns=\"http:\/\/www.w3.org\/2000\/svg\"><path d=\"M571 393Q571 407 561 418L311 668Q300 679 286 679T261 668L11 418Q0 407 0 393T11 368 36 357H536Q550 357 561 368T571 393Z\"><\/path><\/svg>\t\t\t<\/div>\n\t\t\t<select name=\"form_fields[field_b9d5f72]\" id=\"form-field-field_b9d5f72\" class=\"elementor-field-textual elementor-size-lg\">\n\t\t\t\t\t\t\t\t\t<option value=\"Google \">Google <\/option>\n\t\t\t\t\t\t\t\t\t<option value=\"Redes Sociais\">Redes Sociais<\/option>\n\t\t\t\t\t\t\t\t\t<option value=\"Artigo de blog\">Artigo de blog<\/option>\n\t\t\t\t\t\t\t\t\t<option value=\"Refer\u00eancias\">Refer\u00eancias<\/option>\n\t\t\t\t\t\t\t\t\t<option value=\"Fui convidada\/o num casamento que fotografaste\">Fui convidada\/o num casamento que fotografaste<\/option>\n\t\t\t\t\t\t\t\t\t<option value=\"\"><\/option>\n\t\t\t\t\t\t\t\t\t<option value=\"\"><\/option>\n\t\t\t\t\t\t\t<\/select>\n\t\t<\/div>\n\t\t\t\t\t\t<\/div>\n\t\t\t\t\t\t\t\t<div class=\"elementor-field-type-text elementor-field-group elementor-column elementor-field-group-field_c570c8f elementor-col-100\">\n\t\t\t\t\t\t\t\t\t\t\t\t\t<input size=\"1\" type=\"text\" name=\"form_fields[field_c570c8f]\" id=\"form-field-field_c570c8f\" class=\"elementor-field elementor-size-lg  elementor-field-textual\">\n\t\t\t\t\t\t\t\t\t\t\t<\/div>\n\t\t\t\t\t\t\t\t<div class=\"elementor-field-group elementor-column elementor-field-type-submit elementor-col-100 e-form__buttons\">\n\t\t\t\t\t<button class=\"elementor-button elementor-size-md\" type=\"submit\" id=\"contact_btn\">\n\t\t\t\t\t\t<span class=\"elementor-button-content-wrapper\">\n\t\t\t\t\t\t\t\t\t\t\t\t\t\t\t\t\t\t\t\t\t\t<span class=\"elementor-button-text\">Enviar<\/span>\n\t\t\t\t\t\t\t\t\t\t\t\t\t<\/span>\n\t\t\t\t\t<\/button>\n\t\t\t\t<\/div>\n\t\t\t<\/div>\n\t\t<\/form>\n\t\t\t\t\t\t<\/div>\n\t\t\t\t\t<\/div>\n\t\t\t\t<\/div>\n\t\t<div class=\"elementor-element elementor-element-1f516f7 e-con-full e-flex e-con e-parent\" data-id=\"1f516f7\" data-element_type=\"container\" data-e-type=\"container\" data-settings=\"{&quot;background_background&quot;:&quot;classic&quot;}\">\n\t\t\t\t<div class=\"elementor-element elementor-element-9e0a7b1 elementor-widget elementor-widget-heading\" data-id=\"9e0a7b1\" data-element_type=\"widget\" data-e-type=\"widget\" data-widget_type=\"heading.default\">\n\t\t\t\t\t<h2 class=\"elementor-heading-title elementor-size-default\">TORNAR O ESPECIAL EM INESQUEC\u00cdVEL<\/h2>\t\t\t\t<\/div>\n\t\t\t\t<div class=\"elementor-element elementor-element-21e3a2f elementor-widget elementor-widget-button\" data-id=\"21e3a2f\" data-element_type=\"widget\" data-e-type=\"widget\" data-widget_type=\"button.default\">\n\t\t\t\t\t\t\t\t\t\t<a class=\"elementor-button elementor-button-link elementor-size-sm\" href=\"https:\/\/helenatomas.pt\/pt-pt\/\">\n\t\t\t\t\t\t<span class=\"elementor-button-content-wrapper\">\n\t\t\t\t\t\t\t\t\t<span class=\"elementor-button-text\">voltar \u00e0 p\u00e1gina inicial<\/span>\n\t\t\t\t\t<\/span>\n\t\t\t\t\t<\/a>\n\t\t\t\t\t\t\t\t<\/div>\n\t\t\t\t<\/div>\n\t\t\t\t<\/div>\n\t\t","protected":false},"excerpt":{"rendered":"<p>QUE BOM TER-VOS AQUI! As vossas fotografias de sonho est\u00e3o \u00e0 espera de acontecer e estou muito feliz por terem decidido entrar em contacto! Est\u00e3o a pensar se esta \u00e9 a altura certa? Claro que \u00e9! Mesmo que ainda n\u00e3o tenham planos, falem-me do que vos inspira e de como imaginam este dia. Preencham o [&hellip;]<\/p>\n","protected":false},"author":4,"featured_media":252098,"parent":0,"menu_order":6,"comment_status":"closed","ping_status":"closed","template":"","meta":{"iawp_total_views":52,"footnotes":""},"class_list":["post-88484","page","type-page","status-publish","has-post-thumbnail","hentry"],"_links":{"self":[{"href":"https:\/\/helenatomas.pt\/pt-pt\/wp-json\/wp\/v2\/pages\/88484","targetHints":{"allow":["GET"]}}],"collection":[{"href":"https:\/\/helenatomas.pt\/pt-pt\/wp-json\/wp\/v2\/pages"}],"about":[{"href":"https:\/\/helenatomas.pt\/pt-pt\/wp-json\/wp\/v2\/types\/page"}],"author":[{"embeddable":true,"href":"https:\/\/helenatomas.pt\/pt-pt\/wp-json\/wp\/v2\/users\/4"}],"replies":[{"embeddable":true,"href":"https:\/\/helenatomas.pt\/pt-pt\/wp-json\/wp\/v2\/comments?post=88484"}],"version-history":[{"count":0,"href":"https:\/\/helenatomas.pt\/pt-pt\/wp-json\/wp\/v2\/pages\/88484\/revisions"}],"wp:featuredmedia":[{"embeddable":true,"href":"https:\/\/helenatomas.pt\/pt-pt\/wp-json\/wp\/v2\/media\/252098"}],"wp:attachment":[{"href":"https:\/\/helenatomas.pt\/pt-pt\/wp-json\/wp\/v2\/media?parent=88484"}],"curies":[{"name":"wp","href":"https:\/\/api.w.org\/{rel}","templated":true}]}}